{"id":1171,"date":"2017-10-19T17:13:16","date_gmt":"2017-10-19T15:13:16","guid":{"rendered":"https:\/\/weberei.dyndns-blog.com\/?page_id=1171"},"modified":"2017-10-25T15:48:15","modified_gmt":"2017-10-25T13:48:15","slug":"registration","status":"publish","type":"page","link":"https:\/\/weberei.dyndns-blog.com\/?page_id=1171","title":{"rendered":"Registrierung"},"content":{"rendered":"<div class=\"piereg_container pieregWrapper\"><div class=\"pieregformWrapper pieregWrapper\"><div id=\"show_pie_register_error_js\" class=\"piereg_entry-content\"><\/div><div id=\"pie_register_reg_form\"><form enctype=\"multipart\/form-data\" class=\"pie_register_reg_form\" id=\"pie_regiser_form\" method=\"post\" action=\"\/index.php?rest_route=%2Fwp%2Fv2%2Fpages%2F1171\" data-form=\"1\"><input type=\"hidden\" id=\"piereg_registration_form_nonce\" name=\"piereg_registration_form_nonce\" value=\"9a6e8a689a\" \/><input type=\"hidden\" name=\"_wp_http_referer\" value=\"\/index.php?rest_route=%2Fwp%2Fv2%2Fpages%2F1171\" \/><div class=\"fieldset \"><p id=\"piereg_pie_form_desc\" >Bitte f\u00fcr die Registrierung eines Benutzerkontos die folgenden Felder (*=Pflichtfeld) ausf\u00fcllen. Nach dem Senden kann es ein paar Tage dauern bis die Registrierung gepr\u00fcft wurde. Es erfolgt eine entsprechende mail an die angegebene Adresse.<\/p><\/div><ul id=\"pie_register\"><input type=\"hidden\" value=\"1\" name=\"form_id\" \/><input type=\"hidden\" value=\"\" name=\"limit_submission\" \/><li class=\"fields   pageFields_1 piereg_li_0\"   ><div class=\"fieldset\"><label class=\"\" for=\"username_0\">Benutzername&nbsp;<span class=\"piereg_field_required_label\">*<\/span><\/label><input id=\"username\" name=\"username\" data-field_id=\"piereg_field_0\" class=\"input_fields  piereg_validate[required,username] piereg_username_input_field \" placeholder=\"\" type=\"text\" value=\"\" data-errormessage-value-missing=\"\"  \/><\/div><\/li><li class=\"fields   pageFields_1 piereg_li_1\"   ><div class=\"fieldset\"><label class=\"\" for=\"email_1\">E-Mail&nbsp;<span class=\"piereg_field_required_label\">*<\/span><\/label><input  id=\"email_1\" name=\"e_mail\" data-field_id=\"piereg_field_1\" class=\"input_fields  piereg_validate[required,custom[email]] \"  data-errormessage-custom-error=\"\" placeholder=\"\" type=\"text\" value=\"\" \/><\/div><div class=\"fieldset\"><label>Email best\u00e4tigen&nbsp;<span class=\"piereg_field_required_label\">*<\/span><\/label><input  placeholder=\"\" id=\"confirm_email_email_1\" data-errormessage-custom-error=\"\" type=\"text\" class=\"input_fields piereg_validate[required,equals[email_1]]\" autocomplete=\"off\"><\/div><\/li><li class=\"fields   pageFields_1 piereg_li_2\"   ><div class=\"fieldset\"><label class=\"\" for=\"password_2\">Passwort&nbsp;<span class=\"piereg_field_required_label\">*<\/span><\/label><input id=\"password_2\" name=\"password\" data-field_id=\"piereg_field_2\" class=\"input_fields  piereg_validate[minSize[8],required] prPass1\" placeholder=\"\" type=\"password\" data-errormessage-value-missing=\"\" data-errormessage-range-underflow=\"\" data-errormessage-range-overflow=\"\" autocomplete=\"off\" ><span class=\"show-hide-password-innerbtn pass-eye-reg pass-eye-reg_left_label_no_desc  eye\"><\/span><\/div><div class=\"fieldset\"><label>Passwort best\u00e4tigen&nbsp;<span class=\"piereg_field_required_label\">*<\/span><\/label><input id=\"confirm_password_password_2\" type=\"password\" data-errormessage-value-missing=\"\" data-errormessage-range-underflow=\"\" data-errormessage-range-overflow=\"\" class=\"input_fields  piereg_validate[minSize[8],required,equals[password_2]]  prPass2\" placeholder=\"\" autocomplete=\"off\" \/><span class=\"show-hide-password-innerbtn confirm-pass-eye-reg_left_label_no_desc eye\"><\/span><input class=\"prMinimumPasswordStrengthlength\" type=\"hidden\" id=\"password_strength_meter_1\" data-id=\"1\" value=\"2\" \/><span class=\"prMinimumPasswordStrengthMessage\" id=\"password_strength_message_1\" style=\"display:none;\">Zu schwaches Passwort<\/span><\/li><li class=\"fields pageFields_1  piereg_li_2\" ><div id=\"password_meter\" class=\"fieldset\"><label style=\"visibility: hidden;\">Passwort fehlt<\/label><div id=\"piereg_passwordStrength\" class=\"piereg_pass prPasswordStrengthMeter\" >Passwortst\u00e4rke<\/div><\/div><\/li><li class=\"fields   pageFields_1 piereg_li_4\"   ><div class=\"fieldset\"><label>Vorname&nbsp;<span class=\"piereg_field_required_label\">*<\/span><\/label><input  value=\"\" placeholder=\"\" data-field_id=\"piereg_field_4\" id=\"name_4_firstname\" name=\"first_name\" class=\"input_fields  piereg_validate[required,custom[alphabetic]] input_fields piereg_name_input_field \"   type=\"text\"  \/><\/div><div class=\"fieldset\"><label>Nachname&nbsp;<span class=\"piereg_field_required_label\">*<\/span><\/label><input  value=\"\" placeholder=\"\" id=\"name_4_lastname\" name=\"last_name\" class=\"input_fields  piereg_validate[required,custom[alphabetic]] input_fields piereg_name_input_field\"   type=\"text\"  \/><\/div><\/li><li class=\"fields   pageFields_1 piereg_li_3\"   ><div class=\"fieldset\"><label class=\"\" for=\"description\">\u00dcber Dich<\/label><textarea name=\"description\" id=\"description\" rows=\"5\" data-field_id=\"piereg_field_3\" cols=\"80\" class=\"\"><\/textarea><\/div><\/li><li class=\"fields   pageFields_1 piereg_li_\"   ><div class=\"fieldset\"><div class=\"pie_wrap_buttons\"><input name=\"pie_submit\" class=\"pie_submit\" type=\"submit\" value=\"Senden\" \/><\/div><\/div><\/li><\/ul><\/form><\/div><\/div><\/div>\n","protected":false},"excerpt":{"rendered":"","protected":false},"author":1,"featured_media":0,"parent":1275,"menu_order":0,"comment_status":"closed","ping_status":"closed","template":"","meta":{"footnotes":""},"class_list":["post-1171","page","type-page","status-publish","hentry","column","onecol"],"_links":{"self":[{"href":"https:\/\/weberei.dyndns-blog.com\/index.php?rest_route=\/wp\/v2\/pages\/1171","targetHints":{"allow":["GET"]}}],"collection":[{"href":"https:\/\/weberei.dyndns-blog.com\/index.php?rest_route=\/wp\/v2\/pages"}],"about":[{"href":"https:\/\/weberei.dyndns-blog.com\/index.php?rest_route=\/wp\/v2\/types\/page"}],"author":[{"embeddable":true,"href":"https:\/\/weberei.dyndns-blog.com\/index.php?rest_route=\/wp\/v2\/users\/1"}],"replies":[{"embeddable":true,"href":"https:\/\/weberei.dyndns-blog.com\/index.php?rest_route=%2Fwp%2Fv2%2Fcomments&post=1171"}],"version-history":[{"count":0,"href":"https:\/\/weberei.dyndns-blog.com\/index.php?rest_route=\/wp\/v2\/pages\/1171\/revisions"}],"up":[{"embeddable":true,"href":"https:\/\/weberei.dyndns-blog.com\/index.php?rest_route=\/wp\/v2\/pages\/1275"}],"wp:attachment":[{"href":"https:\/\/weberei.dyndns-blog.com\/index.php?rest_route=%2Fwp%2Fv2%2Fmedia&parent=1171"}],"curies":[{"name":"wp","href":"https:\/\/api.w.org\/{rel}","templated":true}]}}