{"id":1275,"date":"2017-10-25T15:29:36","date_gmt":"2017-10-25T13:29:36","guid":{"rendered":"https:\/\/weberei.dyndns-blog.com\/?page_id=1275"},"modified":"2019-07-03T16:11:25","modified_gmt":"2019-07-03T14:11:25","slug":"benutzerkonto","status":"publish","type":"page","link":"https:\/\/weberei.dyndns-blog.com\/?page_id=1275","title":{"rendered":"Benutzerkonto"},"content":{"rendered":"<p>\u00dcberblick \u00fcber weitere administrative Seiten, u.a.:<\/p>\n<ul>\n<li><a href=\"https:\/\/weberei.dyndns-blog.com\/?page_id=1171\"><strong>Registrierung<\/strong><\/a><br \/>\nHier kann man sich f\u00fcr ein Benutzerkonto registrieren lassen. Nach Freigabe des Benutzerkontos durch den Administrator dieser Webseiten ist eine Anmeldung (Login) m\u00f6glich.<\/li>\n<li><a href=\"https:\/\/weberei.dyndns-blog.com\/?page_id=1170\"><strong>Login<\/strong><\/a><br \/>\nAngemeldet k\u00f6nnen weitere Inhalte aufgerufen werden, die im \u00f6ffentlichen Bereich nicht oder nur in abgespeckter Form enthalten sind.<\/li>\n<li><a href=\"https:\/\/weberei.dyndns-blog.com\/?page_id=1172\"><strong>Passwort vergessen<\/strong><\/a><br \/>\nHier k\u00f6nnen Benutzer die R\u00fccksetzung ihres Passwortes ansto\u00dfen.<\/li>\n<li><a href=\"https:\/\/weberei.dyndns-blog.com\/?page_id=1173\"><strong>Benutzerprofil<\/strong><\/a><br \/>\nNur f\u00fcr angemeldete Benutzer. Es k\u00f6nnen hier die bei der Registrierung eingegebenen Daten eingesehen werden.<\/li>\n<\/ul>\n","protected":false},"excerpt":{"rendered":"<p>\u00dcberblick \u00fcber weitere administrative Seiten, u.a.: Registrierung Hier kann man sich f\u00fcr ein Benutzerkonto registrieren lassen. Nach Freigabe des Benutzerkontos durch den Administrator dieser Webseiten ist eine Anmeldung (Login) m\u00f6glich. Login Angemeldet k\u00f6nnen weitere Inhalte aufgerufen werden, die im \u00f6ffentlichen Bereich nicht oder nur in abgespeckter Form enthalten sind. Passwort &#8230;<\/p>\n","protected":false},"author":1,"featured_media":0,"parent":0,"menu_order":0,"comment_status":"closed","ping_status":"closed","template":"template-content-sidebar-half.php","meta":{"footnotes":""},"class_list":["post-1275","page","type-page","status-publish","hentry","column","onecol"],"_links":{"self":[{"href":"https:\/\/weberei.dyndns-blog.com\/index.php?rest_route=\/wp\/v2\/pages\/1275","targetHints":{"allow":["GET"]}}],"collection":[{"href":"https:\/\/weberei.dyndns-blog.com\/index.php?rest_route=\/wp\/v2\/pages"}],"about":[{"href":"https:\/\/weberei.dyndns-blog.com\/index.php?rest_route=\/wp\/v2\/types\/page"}],"author":[{"embeddable":true,"href":"https:\/\/weberei.dyndns-blog.com\/index.php?rest_route=\/wp\/v2\/users\/1"}],"replies":[{"embeddable":true,"href":"https:\/\/weberei.dyndns-blog.com\/index.php?rest_route=%2Fwp%2Fv2%2Fcomments&post=1275"}],"version-history":[{"count":0,"href":"https:\/\/weberei.dyndns-blog.com\/index.php?rest_route=\/wp\/v2\/pages\/1275\/revisions"}],"wp:attachment":[{"href":"https:\/\/weberei.dyndns-blog.com\/index.php?rest_route=%2Fwp%2Fv2%2Fmedia&parent=1275"}],"curies":[{"name":"wp","href":"https:\/\/api.w.org\/{rel}","templated":true}]}}