{"id":438,"date":"2017-04-01T16:18:31","date_gmt":"2017-04-01T14:18:31","guid":{"rendered":"https:\/\/weberei.dyndns-blog.com\/wordpress\/?page_id=438"},"modified":"2021-02-26T11:32:50","modified_gmt":"2021-02-26T10:32:50","slug":"unterwegs","status":"publish","type":"page","link":"https:\/\/weberei.dyndns-blog.com\/?page_id=438","title":{"rendered":"Unterwegs"},"content":{"rendered":"<blockquote><p><span style=\"font-size: 14pt;\"><strong>Man muss reisen um zu lernen.&#8220;<br \/>\n<span style=\"font-size: 10pt;\">Mark Twain<\/span><\/strong><\/span><\/p><\/blockquote>\n<p>\u00dcberblick \u00fcber unsere Urlaube und Reiseziele in Form von Foto-Reiseberichten, unterteilt in die Kategorien:<\/p>\n<ul>\n<li><a href=\"https:\/\/weberei.dyndns-blog.com\/?cat=29\">Reiseberichte (nach Land)<br \/>\n<\/a>Teilweise auch als reine Bildergalerien ausgef\u00fchrt, d.h. ohne Text<\/li>\n<li><a href=\"https:\/\/weberei.dyndns-blog.com\/?cat=56\">Reiseberichte (nach Jahr)<br \/>\n<\/a>Teilweise auch als reine Bildergalerien, d.h. ohne Text<\/li>\n<li><a href=\"https:\/\/weberei.dyndns-blog.com\/?cat=33\" target=\"_blank\" rel=\"noopener noreferrer\">Wandern (alpin)<\/a><br \/>\nNicht viel, aber immerhin<\/li>\n<li><a href=\"https:\/\/weberei.dyndns-blog.com\/?cat=162\" target=\"_blank\" rel=\"noopener noreferrer\">Events, Veranstaltungen<br \/>\n<\/a>Alles was sonst noch so besucht und gefeiert wird; nur f\u00fcr bestimmte Benutzer zug\u00e4nglich<\/li>\n<li><a href=\"https:\/\/weberei.dyndns-blog.com\/?cat=166\" target=\"_blank\" rel=\"noopener noreferrer\">GPS<br \/>\n<\/a>Verf\u00fcgbare \u00dcbersichtskarten; Grundlage sind aufgenommene Tracks im gpx-Format. Befindet sich noch im Aufbau&#8230;<\/li>\n<\/ul>\n<p>Auf diesen Seiten stellen wir in erster Linie die Urlaubs- und Reiseerlebnisse unserer Familie vor. Wir, das sind die Eltern Kerstin und Alex mit den Kindern Sophie und Joshua.<\/p>\n<p>Da wir Eltern beide berufst\u00e4tig sind und die Kinder zwischenzeitlich durch Schule und Hobbies auch einigerma\u00dfen ausgelastet sind, haben wir ein besonderes Interesse daran gerade &#8222;die sch\u00f6nste Zeit im Jahr&#8220; &#8211; unseren Urlaub &#8211; mit unserer Familie zu verbringen.<\/p>\n<p>Nat\u00fcrlich ist es nicht leicht es immer allen recht zu machen, wir bem\u00fchen uns aber immer die Reisen so zu gestalten, dass f\u00fcr jeden etwas dabei ist. Zudem haben wir gl\u00fccklicherweise auch viele gemeinsame Interessen, so dass es bisher immer gepasst hat.<\/p>\n<p>Bereits vor der Geburt unserer Kinder sind wir gerne auf Reisen gegangen, auch in weiter entfernte Regionen (z.B. Australien oder in den Westen der USA). Wir beide haben schnell festgestellt, dass wir nicht daf\u00fcr geschaffen sind zwei oder gar drei Wochen in einer Club-Anlage am Strand zu verbringen.<br \/>\nViel mehr wollten wir etwas sehen von der Welt und etwas erleben. Daher haben wir auch kein Interesse an jeglicher Art von Gruppenreisen, Kreuzfahrten oder \u00e4hnlichen Dingen. Wir wollen unsere Reisen individuell planen und durchf\u00fchren.<br \/>\nMit der Geburt unserer Tochter und sp\u00e4ter unseres Sohnes haben wir die Fernreisen zu Gunsten von kindgerechten Urlauben eingestellt.<\/p>\n<p>Aber auch da lag der Schwerpunkt immer darauf etwas zu erleben, was sich bei manchen &#8222;kindgerechten Zielen&#8220; zwar schwierig gestaltet, aber bei sorgf\u00e4ltiger Recherche lassen sich auch diese mit einer Portion Abenteuer w\u00fcrzen.<\/p>\n<p>Seit 2013 sind auch Fernreisen mit im Programm. Vorher machten wir in 2012 als Testreise einen St\u00e4dtetrip nach London und Paris mit Rucksack und unter Verwendung einer Kombi von Flug- und Zugreise. Die Kinder waren damals 8 und 5 Jahre alt und wurden danach als fernreisetauglich eingestuft!\u00a0 \ud83d\ude09<\/p>\n<p>Von da an gibt es die Pr\u00e4missen und Rahmenbedingungen:<\/p>\n<ul>\n<li>Wir wollen m\u00f6glichst viel von der Welt sehen, d.h. verschiedene L\u00e4nder, Kontinente und Kulturen<\/li>\n<li>Die Reisen werden individuell geplant und ausgef\u00fchrt<\/li>\n<li>Eine Reiseplanung die einen m\u00f6glichst stressfreien Reiseverlauf erm\u00f6glicht<\/li>\n<li>F\u00fcr jeden in der Familie muss etwas dabei sein<\/li>\n<li>Aufgrund der Abh\u00e4ngigkeit von den Schulferien und unserer Berufst\u00e4tigkeit sollte die Reisezeit auf 2 Wochen begrenzt sein (au\u00dferhalb der Sommerferien), i.d.R. also meist in den Pfingst- oder in den Osterferien &#8211; je nach Destination<\/li>\n<li>Vermeidung von \u00fcberlaufenen Zielen bzw. Reisezeiten so weit wie m\u00f6glich<\/li>\n<li>M\u00f6glichst fr\u00fchzeitige Buchung von Flug, Unterkunft, Mietwagen, etc. zwecks Planungssicherheit<\/li>\n<li>Einhaltung eines gewissen Reisebudgets<\/li>\n<\/ul>\n<p>Bei diesen teilweisen kontr\u00e4ren Punkten wird deutlich, dass das Ergebnis einer Reiseplanung meist einen Kompromis davon darstellt. Was aber auch durchaus so gewollt ist. W\u00e4hrend einer Reiseplanung wird in der Familie immer wieder diskutiert was, wie, wo und wann gemacht werden soll, muss oder kann. So kann jeder seine Sichtweise der Dinge einbringen. Egal ob die Quelle ein Reisef\u00fchrer, ein Reisemagazin, das Internet oder Hinweise von Freunden sind.<br \/>\nDies ist ein Prozess, der bisher immer in einem f\u00fcr alle Beteiligten zufriedenen Ergebnis gem\u00fcndet ist. Oft kann es sogar sein, dass man feststellt, dass ein eigentlich zun\u00e4chst als uninteressant eingestufter Programmpunkt doch durchaus seinen Reiz haben kann.<\/p>\n<p>Der Beginn einer jeden Reise liegt irgendwie immer bereits in der Planung einer solchen.<\/p>\n<p>In diesem Sinne viel Spass auf unseren Seiten.<\/p>\n","protected":false},"excerpt":{"rendered":"<p>Man muss reisen um zu lernen.&#8220; Mark Twain \u00dcberblick \u00fcber unsere Urlaube und Reiseziele in Form von Foto-Reiseberichten, unterteilt in die Kategorien: Reiseberichte (nach Land) Teilweise auch als reine Bildergalerien ausgef\u00fchrt, d.h. ohne Text Reiseberichte (nach Jahr) Teilweise auch als reine Bildergalerien, d.h. ohne Text Wandern (alpin) Nicht viel, aber &#8230;<\/p>\n","protected":false},"author":1,"featured_media":0,"parent":0,"menu_order":0,"comment_status":"closed","ping_status":"closed","template":"template-content-sidebar.php","meta":{"footnotes":""},"class_list":["post-438","page","type-page","status-publish","hentry","column","onecol"],"_links":{"self":[{"href":"https:\/\/weberei.dyndns-blog.com\/index.php?rest_route=\/wp\/v2\/pages\/438","targetHints":{"allow":["GET"]}}],"collection":[{"href":"https:\/\/weberei.dyndns-blog.com\/index.php?rest_route=\/wp\/v2\/pages"}],"about":[{"href":"https:\/\/weberei.dyndns-blog.com\/index.php?rest_route=\/wp\/v2\/types\/page"}],"author":[{"embeddable":true,"href":"https:\/\/weberei.dyndns-blog.com\/index.php?rest_route=\/wp\/v2\/users\/1"}],"replies":[{"embeddable":true,"href":"https:\/\/weberei.dyndns-blog.com\/index.php?rest_route=%2Fwp%2Fv2%2Fcomments&post=438"}],"version-history":[{"count":0,"href":"https:\/\/weberei.dyndns-blog.com\/index.php?rest_route=\/wp\/v2\/pages\/438\/revisions"}],"wp:attachment":[{"href":"https:\/\/weberei.dyndns-blog.com\/index.php?rest_route=%2Fwp%2Fv2%2Fmedia&parent=438"}],"curies":[{"name":"wp","href":"https:\/\/api.w.org\/{rel}","templated":true}]}}