{"id":5759,"date":"2017-11-12T10:33:33","date_gmt":"2017-11-12T09:33:33","guid":{"rendered":"https:\/\/weberei.dyndns-blog.com\/?page_id=5759"},"modified":"2021-02-26T09:19:56","modified_gmt":"2021-02-26T08:19:56","slug":"familie","status":"publish","type":"page","link":"https:\/\/weberei.dyndns-blog.com\/?page_id=5759","title":{"rendered":"Familie"},"content":{"rendered":"<p>\u00dcberblick \u00fcber diverse Aktivit\u00e4ten mit der Familie, u.a.:<\/p>\n<ul>\n<li><a href=\"https:\/\/weberei.dyndns-blog.com\/?cat=408\">Familienfeiern<\/a><br \/>\nFeiern geht immer!<\/li>\n<li><a href=\"https:\/\/weberei.dyndns-blog.com\/?cat=453\">Familienmitglieder<\/a><br \/>\nInsbesondere Passfotos, Portraits, etc.; nur f\u00fcr bestimmte Benutzer zug\u00e4nglich<\/li>\n<li><a href=\"https:\/\/weberei.dyndns-blog.com\/?cat=454\">Sonstiges<\/a>\n<ul>\n<li><a href=\"https:\/\/weberei.dyndns-blog.com\/?cat=451\">Alte Bilder<\/a><\/li>\n<li><a href=\"https:\/\/weberei.dyndns-blog.com\/?cat=403\">Fasching<\/a><\/li>\n<li><a href=\"https:\/\/weberei.dyndns-blog.com\/?cat=404\">Pool<\/a><\/li>\n<\/ul>\n<\/li>\n<li><a href=\"https:\/\/weberei.dyndns-blog.com\/?cat=442\">Veranstaltungen<\/a><br \/>\nIrgendwas ist immer.<\/li>\n<li><a href=\"https:\/\/weberei.dyndns-blog.com\/?cat=165\" target=\"_blank\" rel=\"noopener noreferrer\">ALDIANA Hochk\u00f6nig<br \/>\n<\/a>Einblicke in den 20j\u00e4hrigen Familienurlaub in \u00d6sterreich; nur f\u00fcr bestimmte Benutzer zug\u00e4nglich<\/li>\n<li><a href=\"https:\/\/weberei.dyndns-blog.com\/?cat=435\">Artikel nach Jahren<\/a><br \/>\nChronologisch, themen\u00fcbergreifend<\/p>\n<ul>\n<li><a href=\"https:\/\/weberei.dyndns-blog.com\/?cat=436\">1990er<\/a><\/li>\n<li><a href=\"https:\/\/weberei.dyndns-blog.com\/?cat=437\">2000er<\/a><\/li>\n<li><a href=\"https:\/\/weberei.dyndns-blog.com\/?cat=438\">2010er<\/a><\/li>\n<li><a href=\"https:\/\/weberei.dyndns-blog.com\/?cat=523\">2020er<\/a><\/li>\n<\/ul>\n<\/li>\n<\/ul>\n<hr \/>\n<p><a href=\"https:\/\/weberei.dyndns-blog.com\/wp-content\/uploads\/2020\/11\/ParadoxicalCommandments.jpg\"><img loading=\"lazy\" decoding=\"async\" class=\"alignnone size-large wp-image-25563\" src=\"https:\/\/weberei.dyndns-blog.com\/wp-content\/uploads\/2020\/11\/ParadoxicalCommandments-719x1200.jpg\" alt=\"\" width=\"660\" height=\"1102\" srcset=\"https:\/\/weberei.dyndns-blog.com\/wp-content\/uploads\/2020\/11\/ParadoxicalCommandments-719x1200.jpg 719w, https:\/\/weberei.dyndns-blog.com\/wp-content\/uploads\/2020\/11\/ParadoxicalCommandments-240x400.jpg 240w, https:\/\/weberei.dyndns-blog.com\/wp-content\/uploads\/2020\/11\/ParadoxicalCommandments-90x150.jpg 90w, https:\/\/weberei.dyndns-blog.com\/wp-content\/uploads\/2020\/11\/ParadoxicalCommandments-768x1282.jpg 768w, https:\/\/weberei.dyndns-blog.com\/wp-content\/uploads\/2020\/11\/ParadoxicalCommandments-920x1536.jpg 920w, https:\/\/weberei.dyndns-blog.com\/wp-content\/uploads\/2020\/11\/ParadoxicalCommandments-700x1168.jpg 700w, https:\/\/weberei.dyndns-blog.com\/wp-content\/uploads\/2020\/11\/ParadoxicalCommandments-332x554.jpg 332w, https:\/\/weberei.dyndns-blog.com\/wp-content\/uploads\/2020\/11\/ParadoxicalCommandments.jpg 1227w\" sizes=\"auto, (max-width: 660px) 100vw, 660px\" \/><\/a><\/p>\n","protected":false},"excerpt":{"rendered":"<p>\u00dcberblick \u00fcber diverse Aktivit\u00e4ten mit der Familie, u.a.: Familienfeiern Feiern geht immer! Familienmitglieder Insbesondere Passfotos, Portraits, etc.; nur f\u00fcr bestimmte Benutzer zug\u00e4nglich Sonstiges Alte Bilder Fasching Pool Veranstaltungen Irgendwas ist immer. ALDIANA Hochk\u00f6nig Einblicke in den 20j\u00e4hrigen Familienurlaub in \u00d6sterreich; nur f\u00fcr bestimmte Benutzer zug\u00e4nglich Artikel nach Jahren Chronologisch, themen\u00fcbergreifend &#8230;<\/p>\n","protected":false},"author":1,"featured_media":0,"parent":0,"menu_order":0,"comment_status":"closed","ping_status":"closed","template":"template-content-sidebar.php","meta":{"footnotes":""},"class_list":["post-5759","page","type-page","status-publish","hentry","column","onecol"],"_links":{"self":[{"href":"https:\/\/weberei.dyndns-blog.com\/index.php?rest_route=\/wp\/v2\/pages\/5759","targetHints":{"allow":["GET"]}}],"collection":[{"href":"https:\/\/weberei.dyndns-blog.com\/index.php?rest_route=\/wp\/v2\/pages"}],"about":[{"href":"https:\/\/weberei.dyndns-blog.com\/index.php?rest_route=\/wp\/v2\/types\/page"}],"author":[{"embeddable":true,"href":"https:\/\/weberei.dyndns-blog.com\/index.php?rest_route=\/wp\/v2\/users\/1"}],"replies":[{"embeddable":true,"href":"https:\/\/weberei.dyndns-blog.com\/index.php?rest_route=%2Fwp%2Fv2%2Fcomments&post=5759"}],"version-history":[{"count":0,"href":"https:\/\/weberei.dyndns-blog.com\/index.php?rest_route=\/wp\/v2\/pages\/5759\/revisions"}],"wp:attachment":[{"href":"https:\/\/weberei.dyndns-blog.com\/index.php?rest_route=%2Fwp%2Fv2%2Fmedia&parent=5759"}],"curies":[{"name":"wp","href":"https:\/\/api.w.org\/{rel}","templated":true}]}}