{"id":7,"date":"2014-09-11T16:12:48","date_gmt":"2014-09-11T14:12:48","guid":{"rendered":"http:\/\/192.168.204.111\/wordpress\/?page_id=7"},"modified":"2021-02-11T14:13:02","modified_gmt":"2021-02-11T13:13:02","slug":"neue-seite","status":"publish","type":"page","link":"https:\/\/weberei.dyndns-blog.com\/?page_id=7","title":{"rendered":"Blogs"},"content":{"rendered":"<p>\u00dcberblick \u00fcber unsere Posts (=Artikel), unterteilt in die Kategorien:<\/p>\n<ul>\n<li><a href=\"https:\/\/weberei.dyndns-blog.com\/?cat=100\">Reiseblog<\/a><br \/>\nalle Posts zu, \u00fcber und w\u00e4hrend unserer Reisen<br \/>\n***Befindet sich noch im Aufbau!***<\/li>\n<li><a href=\"https:\/\/weberei.dyndns-blog.com\/?cat=99\">Block Sonstiges<\/a><br \/>\nalle \u00fcbrigen Posts &#8211; also &#8222;Kruscht &amp; Krempel&#8220;<br \/>\n***Befindet sich noch im Aufbau!***<\/li>\n<\/ul>\n","protected":false},"excerpt":{"rendered":"<p>\u00dcberblick \u00fcber unsere Posts (=Artikel), unterteilt in die Kategorien: Reiseblog alle Posts zu, \u00fcber und w\u00e4hrend unserer Reisen ***Befindet sich noch im Aufbau!*** Block Sonstiges alle \u00fcbrigen Posts &#8211; also &#8222;Kruscht &amp; Krempel&#8220; ***Befindet sich noch im Aufbau!***<\/p>\n","protected":false},"author":1,"featured_media":0,"parent":0,"menu_order":0,"comment_status":"closed","ping_status":"closed","template":"template-content-sidebar.php","meta":{"footnotes":""},"class_list":["post-7","page","type-page","status-publish","hentry","column","onecol"],"_links":{"self":[{"href":"https:\/\/weberei.dyndns-blog.com\/index.php?rest_route=\/wp\/v2\/pages\/7","targetHints":{"allow":["GET"]}}],"collection":[{"href":"https:\/\/weberei.dyndns-blog.com\/index.php?rest_route=\/wp\/v2\/pages"}],"about":[{"href":"https:\/\/weberei.dyndns-blog.com\/index.php?rest_route=\/wp\/v2\/types\/page"}],"author":[{"embeddable":true,"href":"https:\/\/weberei.dyndns-blog.com\/index.php?rest_route=\/wp\/v2\/users\/1"}],"replies":[{"embeddable":true,"href":"https:\/\/weberei.dyndns-blog.com\/index.php?rest_route=%2Fwp%2Fv2%2Fcomments&post=7"}],"version-history":[{"count":0,"href":"https:\/\/weberei.dyndns-blog.com\/index.php?rest_route=\/wp\/v2\/pages\/7\/revisions"}],"wp:attachment":[{"href":"https:\/\/weberei.dyndns-blog.com\/index.php?rest_route=%2Fwp%2Fv2%2Fmedia&parent=7"}],"curies":[{"name":"wp","href":"https:\/\/api.w.org\/{rel}","templated":true}]}}